{"id":13286,"date":"2026-05-09T17:15:05","date_gmt":"2026-05-09T17:15:05","guid":{"rendered":"https:\/\/ibrokom.com\/?post_type=product&#038;p=13286"},"modified":"2026-05-09T17:15:06","modified_gmt":"2026-05-09T17:15:06","slug":"bosch-hbg536eb4-vgradliva-furna","status":"publish","type":"product","link":"https:\/\/ibrokom.com\/?product=bosch-hbg536eb4-vgradliva-furna","title":{"rendered":"BOSCH HBG536EB4 Vgradliva Furna"},"content":{"rendered":"","protected":false},"excerpt":{"rendered":"<h3>\u00a0\u0412\u0433\u0440\u0430\u0434\u043b\u0438\u0432\u0430 \u0424\u0443\u0440\u043d\u0430<\/h3>\n<h4><span id=\"result_box\" class=\"\" lang=\"mk\"><span title=\"Tip pe\u0107nice \/ na\u010dini grijanja:\u00a0\u00a0\u00a0\u00a0\"><strong>\u0412\u0438\u0434 \u043d\u0430 \u0440\u0430\u0431\u043e\u0442\u0430 \u043d\u0430 \u0440\u0435\u0440\u043d\u0430\u0442\u0430 \/ \u0433\u0440\u0435\u0435\u045a\u0435:<\/strong><\/span><\/span><\/h4>\n<ul>\n<li>\u0424\u0443\u043d\u043a\u0446\u0438\u0458\u0430: Air Fry<\/li>\n<\/ul>\n<ul>\n<li><span id=\"ctl06_LblDescriptionMK\"><span id=\"result_box\" class=\"\" lang=\"mk\"><span class=\"hps\">\u0413\u043e\u0440\u043d\u043e<\/span><span class=\"hps\">\/<\/span><span class=\"hps\">\u0434\u043e\u043b\u043d\u043e<\/span>\u00a0<span class=\"hps\">\u0437\u0430\u0433\u0440\u0435\u0432\u0430\u045a\u0435-\u0441\u0442\u0430\u043d\u0434\u0430\u0440\u0434\u043d\u043e <\/span><\/span><\/span><span id=\"ctl06_LblDescriptionMK\"><span id=\"result_box\" class=\"\" lang=\"mk\"><span class=\"hps\">\u043f\u0435\u0447\u0435\u045a\u0435<\/span><\/span><\/span><\/li>\n<\/ul>\n<ul>\n<li><span id=\"ctl06_LblDescriptionMK\"><span id=\"result_box\" class=\"\" lang=\"mk\">3D <span class=\"hps\">\u0446\u0438\u0440\u043a\u0443\u043b\u0430\u0446\u0438\u0458\u0430<\/span>\u00a0<span class=\"hps\">\u043d\u0430<\/span>\u00a0<span class=\"hps\">\u0442\u043e\u043f\u043e\u043b \u0432\u043e\u0437\u0434\u0443\u0445<\/span><\/span><\/span><\/li>\n<\/ul>\n<ul>\n<li><span id=\"ctl06_LblDescriptionMK\"><span id=\"result_box\" class=\"\" lang=\"mk\">\u041d\u0435\u0436\u0435\u043d \u0442\u043e\u043f\u043e\u043b <\/span><\/span>\u0432\u043e\u0437\u0434\u0443\u0445<\/li>\n<\/ul>\n<ul>\n<li><span id=\"ctl06_LblDescriptionMK\"><span id=\"result_box\" class=\"\" lang=\"mk\">\u0414<span class=\"hps\">\u043e\u043b\u043d\u043e<\/span>\u00a0<span class=\"hps\">\u0437\u0430\u0433\u0440\u0435\u0432\u0430\u045a\u0435<\/span><\/span><\/span><span id=\"ctl06_LblDescriptionMK\"><span id=\"result_box\" class=\"\" lang=\"mk\">-\u043f\u0440\u0438\u043a\u043b\u0430\u0434\u043d\u043e \u0437\u0430 \u0434\u043e\u043f\u0435\u043a\u0443\u0432\u0430\u045a\u0435 \u043e\u0434 \u0434\u043e\u043b\u043d\u0430\u0442\u0430 \u0441\u0442\u0440\u0430\u043d\u0430<\/span><\/span><\/li>\n<\/ul>\n<ul>\n<li><span id=\"ctl06_LblDescriptionMK\"><span id=\"result_box\" class=\"\" lang=\"mk\">\u0421<span class=\"hps\">\u043a\u0430\u0440\u0430<\/span>\u00a0<span class=\"hps\">\u0441\u043e<\/span>\u00a0<span class=\"hps\">\u0440\u043e\u0442\u0438\u0440\u0430\u0447\u043a\u0438<\/span>\u00a0<span class=\"hps\">\u0432\u043e\u0437\u0434\u0443\u0445<\/span>-\u043f\u0440\u0438\u043a\u043b\u0430\u0434\u043d\u043e \u0437\u0430 \u0433\u043e\u043b\u0435\u043c\u0438 \u043f\u0430\u0440\u0447\u0438\u043d\u045a\u0430 \u043c\u0435\u0441\u043e (grill)<\/span><\/span><\/li>\n<\/ul>\n<ul>\n<li><span id=\"ctl06_LblDescriptionMK\"><span id=\"result_box\" class=\"\" lang=\"mk\">\u0421<span class=\"hps\">\u043a\u0430\u0440\u0430<\/span>\u00a0<span class=\"hps\">\u0441\u043e<\/span>\u00a0<span class=\"hps\">\u0433\u043e\u043b\u0435\u043c\u0430 \u043f\u043e\u0432\u0440\u0448\u0438\u043d\u0430<\/span>-\u043f\u0440\u0438\u043a\u043b\u0430\u0434\u043d\u043e \u0437\u0430 \u0433\u043e\u043b\u0435\u043c\u0430 \u043a\u043e\u043b\u0438\u0447\u0438\u043d\u0430 \u043d\u0430 \u0445\u0440\u0430\u043d\u0430<\/span><\/span><\/li>\n<\/ul>\n<ul>\n<li><span id=\"result_box\" class=\"\" lang=\"mk\"><span title=\"Pe\u0107nica s 10 na\u010dina grijanja: 4D vru\u010di zrak, Vru\u010di zrak eco, Gornje\/donje grijanje, Gornje\/donje grijanje Eco, Ventilatorski infra ro\u0161tilj, Velikopovr\u0161inski ro\u0161tilj, Malopovr\u0161inski ro\u0161tilj, Pica (opcija za pe\u010denje pice), Posebna postavka za zamrznutu hranu, Donje\">\u041f\u0438\u0446\u0430 (\u043e\u043f\u0446\u0438\u0458\u0430 \u0437\u0430 \u043f\u0435\u0447\u0435\u045a\u0435 \u043f\u0438\u0446\u0430)<\/span><\/span><\/li>\n<\/ul>\n<ul>\n<li><span id=\"ctl06_LblDescriptionMK\"><span id=\"result_box\" class=\"\" lang=\"mk\"><span title=\"Pe\u0107nica s 10 na\u010dina grijanja: 4D vru\u010di zrak, Vru\u010di zrak eco, Gornje\/donje grijanje, Gornje\/donje grijanje Eco, Ventilatorski infra ro\u0161tilj, Velikopovr\u0161inski ro\u0161tilj, Malopovr\u0161inski ro\u0161tilj, Pica (opcija za pe\u010denje pice), Posebna postavka za zamrznutu hranu, Donje\">\u041c\u0430\u043b\u0430 \u043f\u043e\u0432\u0440\u0448\u0438\u043d\u0430 \u043d\u0430 \u0441\u043a\u0430\u0440\u0430<\/span><\/span><\/span><span id=\"ctl06_LblDescriptionMK\"><span id=\"result_box\" class=\"\" lang=\"mk\"><br \/>\n<\/span><\/span><\/li>\n<\/ul>\n<ul>\n<li><span id=\"ctl06_LblDescriptionMK\"><span id=\"result_box\" class=\"\" lang=\"mk\"><span class=\"hps\">\u0412\u0435\u043d\u0442\u0438\u043b\u0430\u0442\u043e\u0440<\/span><\/span><\/span><\/li>\n<\/ul>\n<ul>\n<li><span id=\"result_box\" class=\"\" lang=\"mk\"><span title=\"Raspon temperature: 30 \u00b0C - 300 \u00b0C\u00a0\u00a0\u00a0\u00a0\"><span class=\"hps\">\u0422\u0435\u043c\u043f\u0435\u0440\u0430\u0442\u0443\u0440\u0435\u043d \u043e\u043f\u0441\u0435\u0433: 5<\/span><\/span><\/span><span id=\"result_box\" class=\"\" lang=\"mk\"><span title=\"Raspon temperature: 30 \u00b0C - 300 \u00b0C\u00a0\u00a0\u00a0\u00a0\">0 \u00b0 C \u2013 275 \u00b0 C<\/span><\/span><\/li>\n<\/ul>\n<ul>\n<li><span id=\"result_box\" class=\"\" lang=\"mk\"><span title=\"Zapremina: 71 l\">\u0412\u043e\u043b\u0443\u043c\u0435\u043d \u043d\u0430 \u0440\u0435\u0440\u043d\u0430\u0442\u0430: 71 \u043b\u0438\u0442\u0430\u0440<\/span><\/span><\/li>\n<\/ul>\n<ul>\n<li><span class=\"VIiyi\" lang=\"mk\"><span class=\"JLqJ4b ChMk0b\" data-language-for-alternatives=\"mk\" data-language-to-translate-into=\"hr\" data-phrase-index=\"0\" data-number-of-phrases=\"1\"><span class=\"Q4iAWc\">\u041f\u043e\u0442\u0440\u043e\u0448\u0443\u0432\u0430\u0447\u043a\u0430 \u043d\u0430 \u0435\u043d\u0435\u0440\u0433\u0438\u0458\u0430 \u0432\u043e \u0440\u0435\u0436\u0438\u043c \u043d\u0430 \u0432\u0435\u043d\u0442\u0438\u043b\u0430\u0442\u043e\u0440: 0,81 kWh<\/span><\/span><\/span><\/li>\n<\/ul>\n<ul>\n<li><span class=\"VIiyi\" lang=\"mk\"><span class=\"JLqJ4b ChMk0b\" data-language-for-alternatives=\"mk\" data-language-to-translate-into=\"hr\" data-phrase-index=\"0\" data-number-of-phrases=\"1\"><span class=\"Q4iAWc\">\u041c\u043e\u045c\u043d\u043e\u0441\u0442 \u043e\u043f\u0442\u043e\u0432\u0430\u0440\u0443\u0432\u0430\u045a\u0435: 3,4 kW<\/span><\/span><\/span><\/li>\n<\/ul>\n<p><span id=\"ctl06_LblDescriptionMK\"><span id=\"result_box\" class=\"\" lang=\"mk\"><\/span><\/span><span id=\"ctl06_LblDescriptionMK\"><span id=\"result_box\" class=\"\" lang=\"mk\"><strong><span class=\"hps\">\u0427\u0438\u0441\u0442\u0435\u045a\u0435<\/span><\/strong><\/span><span id=\"result_box\" class=\"\" lang=\"mk\">:<br \/>\n<\/span><\/span><\/p>\n<ul>\n<li><span id=\"ctl06_LblDescriptionMK\"><span id=\"result_box\" class=\"\" lang=\"mk\"><span class=\"hps\">\u0426\u0435\u043b\u043e\u0441\u043d\u043e<\/span>\u00a0<span class=\"hps\">\u0441\u0442\u0430\u043a\u043b\u0435\u043d\u0430<\/span>\u00a0<span class=\"hps\">\u0432\u043d\u0430\u0442\u0440\u0435\u0448\u043d\u0430<\/span>\u00a0<span class=\"hps\">\u0441\u0442\u0440\u0430\u043d\u0430<\/span>\u00a0<span class=\"hps\">\u043d\u0430<\/span>\u00a0<span class=\"hps\">\u0432\u0440\u0430\u0442\u0430\u0442\u0430<\/span><\/span><\/span><\/li>\n<\/ul>\n<ul>\n<li><span id=\"ctl06_LblDescriptionMK\"><span id=\"result_box\" class=\"\" lang=\"mk\"><span title=\"Potpuno staklena unutarnja strana vrata\">EcoClean Direct-\u043a\u0435\u0440\u0430\u043c\u0438\u0447\u043a\u0438 \u043c\u0438\u043a\u0440\u043e\u0444\u0438\u043b\u0442\u0435\u0440 \u043a\u043e\u0458 \u0433\u0438 \u0430\u043f\u0441\u043e\u0440\u0431\u0438\u0440\u0430 \u043c\u0430\u0441\u0442\u0438\u0442\u0435 \u0437\u0430 \u0432\u0440\u0435\u043c\u0435 \u043d\u0430 \u043f\u0435\u0447\u0435\u045a\u0435\u0442\u043e \u0438 \u0433\u0438 \u0440\u0430\u0441\u0442\u0432\u043e\u0440\u0430 \u0441\u043e \u043e\u043a\u0441\u0438\u0434\u0430\u0446\u0438\u0458\u0430<\/span><br \/>\n<\/span><\/span><\/li>\n<\/ul>\n<ul>\n<li><span id=\"ctl06_LblDescriptionMK\"><span id=\"result_box\" class=\"\" lang=\"mk\"><span class=\"hps\">EcoClean <\/span><\/span><\/span><span id=\"ctl06_LblDescriptionMK\"><span id=\"result_box\" class=\"\" lang=\"mk\"><span class=\"hps\">\u0438\u043c\u0430<\/span><\/span><span id=\"result_box\" class=\"\" lang=\"mk\"><span class=\"\">\u00a0\u0437\u0430\u0434\u043d\u0430\u0442\u0430 \u0441\u0442\u0440\u0430\u043d\u0430<\/span>\u00a0\u043e\u0434 \u0440\u0435\u0440\u043d\u0430\u0442\u0430<\/span><\/span><span id=\"ctl06_LblDescriptionMK\"><span id=\"result_box\" class=\"\" lang=\"mk\"><br \/>\n<\/span><\/span><\/li>\n<\/ul>\n<p><span id=\"ctl06_LblDescriptionMK\"><span id=\"result_box\" class=\"\" lang=\"mk\"><strong><span class=\"hps\">\u0421\u0438\u0441\u0442\u0435\u043c<\/span>\u00a0<span class=\"hps\">\u043d\u0430 <\/span><\/strong><\/span><\/span><strong>\u043e\u0442\u0432\u043e\u0440\u0430\u045a\u0435<\/strong>:<\/p>\n<ul>\n<li><span id=\"ctl06_LblDescriptionMK\"><span id=\"result_box\" class=\"\" lang=\"mk\"><span class=\"hps\">\u0414\u0440\u0436\u0430\u0447<\/span>\u00a0<span class=\"hps\">\u0437\u0430<\/span>\u00a0<span class=\"hps\">\u0433\u0430\u043b\u0430\u043d\u0442\u0435\u0440\u0438\u0458\u0430\u0442\u0430<br \/>\n<\/span><\/span><\/span><\/li>\n<\/ul>\n<ul>\n<li><span id=\"ctl06_LblDescriptionMK\"><span id=\"result_box\" class=\"\" lang=\"mk\"><span class=\"hps\">\u0422<\/span><\/span><\/span><span id=\"ctl06_LblDescriptionMK\"><span id=\"result_box\" class=\"\" lang=\"mk\">\u0435\u043b\u0435\u0441\u043a\u043e\u043f\u0441\u043a\u0430 \u0432\u043e\u0434\u0438\u043b\u043a\u0430 \u043d\u0430 \u0438\u0437\u0432\u043b\u0435\u043a\u0443\u0432\u0430\u045a\u0435<\/span><\/span><\/li>\n<\/ul>\n<h4><span id=\"ctl06_LblDescriptionMK\"><span id=\"result_box\" class=\"\" lang=\"mk\"><strong><span class=\"hps\">\u0423\u0434\u043e\u0431\u043d\u043e\u0441\u0442<\/span><\/strong>:<\/span><\/span><\/h4>\n<ul>\n<li><span id=\"ctl06_LblDescriptionMK\"><span id=\"result_box\" class=\"\" lang=\"mk\"><span title=\"cookControl\u00a0\u00a0\u00a0\u00a0\"><span title=\"Prikaz trenutne temperature v pe\u0107nici\u00a0\u00a0\u00a0\u00a0\">AutoPilot10 -10 a<\/span>\u0432\u0442\u043e\u043c\u0430\u0442\u0441\u043a\u0438 \u043f\u0440\u043e\u0433\u0440\u0430\u043c\u0438 \u0437\u0430 \u0433\u043e\u0442\u0432\u0435\u045a\u0435 \u0441\u043e \u0437\u0430\u0433\u0430\u0440\u0430\u043d\u0442\u0438\u0440\u0430\u043d\u043e \u0437\u0430\u0434\u043e\u0432\u043e\u043b\u0441\u0442\u0432\u043e<\/span><span title=\"Postavka Sabbath\u00a0\u00a0\u00a0\u00a0\"><br \/>\n<\/span><\/span><\/span><\/li>\n<\/ul>\n<ul>\n<li><span id=\"ctl06_LblDescriptionMK\"><span id=\"result_box\" class=\"\" lang=\"mk\"><span class=\"hps\">\u0415\u043b\u0435\u043a\u0442\u0440\u043e\u043d\u0441\u043a\u0438 <\/span><\/span><\/span><span id=\"ctl06_LblDescriptionMK\"><span id=\"result_box\" class=\"\" lang=\"mk\"><span class=\"hps\">\u043f\u0440\u043e\u0433\u0440\u0430\u043c\u0441\u043a\u0438<\/span>\u00a0<span class=\"hps\">\u0447\u0430\u0441\u043e\u0432\u043d\u0438\u043a<\/span>: \u0432\u043a\u043b\u0443\u0447\u0443\u0432\u0430\u045a\u0435-\u0438\u0441\u043a\u043b\u0443\u0447\u0443\u0432\u0430\u045a\u0435,\u0430\u043b\u0430\u0440\u043c \u0438 \u0432\u0440\u0435\u043c\u0435<\/span><\/span><span id=\"ctl06_LblDescriptionMK\"><span id=\"result_box\" class=\"\" lang=\"mk\"><br \/>\n<\/span><\/span><\/li>\n<\/ul>\n<ul>\n<li><span id=\"ctl06_LblDescriptionMK\"><span id=\"result_box\" class=\"\" lang=\"mk\"><span class=\"hps\">\u0412\u043d\u0430\u0442\u0440\u0435\u0448\u043d\u043e\u0441\u0442\u0430 \u043d\u0430 \u0440\u0435\u0440\u043d\u0430\u0442\u0430 \u0435 \u043e\u0441\u0432\u0435\u0442\u043b\u0435\u043d\u0430<\/span><br \/>\n<\/span><\/span><\/li>\n<\/ul>\n<ul>\n<li><span id=\"ctl06_LblDescriptionMK\"><span id=\"result_box\" class=\"\" lang=\"mk\"><span class=\"hps\">\u0410\u0432\u0442\u043e\u043c\u0430\u0442\u0441\u043ao<\/span>\u00a0<span class=\"hps\">\u0431\u0440\u0437\u043e \u0437\u0430\u0433\u0440\u0435\u0432\u0430\u045a\u0435<\/span><\/span><\/span><\/li>\n<\/ul>\n<ul>\n<li><span id=\"result_box\" class=\"\" lang=\"mk\"><span title=\"Klasi\u010dno otvaranje, softClose - meko zatvaranje, meko otvaranje\u00a0\u00a0\u00a0\u00a0\">Softclose \u2013 \u043c\u0435\u043ao \u0437\u0430\u0442\u0432\u043e\u0440\u0430\u045a\u0435,\/\u043c\u0435\u043ao \u043e\u0442\u0432\u043e\u0440\u0430\u045a\u0435<\/span><\/span><\/li>\n<\/ul>\n<ul>\n<li><span id=\"ctl06_LblDescriptionMK\"><span id=\"result_box\" class=\"\" lang=\"mk\"><span title=\"Pripadaju\u0107i pribor:\u00a0\u00a0\u00a0\u00a0\">\u041f\u0440\u0438\u0431\u043e\u0440 \u043a\u043e\u0458 \u0441\u043b\u0435\u0434\u0443\u0432\u0430 \u0441\u043e \u0440\u0435\u0440\u043d\u0430\u0442\u0430:<br \/>\n<\/span>1 x \u0440\u0435\u0448\u0435\u0442\u043a\u0430 \u0437\u0430 \u043f\u0435\u0447\u0435\u045a\u0435, 1 x \u0443\u043d\u0438\u0432\u0435\u0440\u0437\u0430\u043b\u043d\u0430 \u0442\u0430\u0432\u0430 \u0437\u0430 \u043f\u0435\u0447\u0435\u045a\u0435, 1 x \u043f\u043b\u0435\u0445 Air Fry<\/span><\/span><\/li>\n<\/ul>\n<p><span id=\"ctl06_LblDescriptionMK\"><span id=\"result_box\" class=\"\" lang=\"mk\"><strong><span class=\"hps\">\u0414\u0438\u0437\u0430\u0458\u043d<\/span><\/strong>:<br \/>\n<\/span><\/span><\/p>\n<ul>\n<li><span id=\"ctl06_LblDescriptionMK\"><span id=\"result_box\" class=\"\" lang=\"mk\">LED\u00a0<span class=\"hps\">\u043e\u0441\u0432\u0435\u0442\u043b\u0443\u0432\u0430\u045a\u0435<\/span>\u00a0<span class=\"hps\">\u043d\u0430<\/span>\u00a0<span class=\"hps\">\u043f\u0430\u043d\u0435\u043b\u043e\u0442<\/span>\u00a0<span class=\"hps\">\u0437\u0430<\/span>\u00a0<span class=\"hps\">\u0443\u043f\u0440\u0430\u0432\u0443\u0432\u0430\u045a\u0435<\/span><br \/>\n<\/span><span id=\"result_box\" class=\"\" lang=\"mk\"><\/span><\/span><\/li>\n<\/ul>\n<ul>\n<li><span id=\"ctl06_LblDescriptionMK\"><span id=\"result_box\" class=\"\" lang=\"mk\"><em><span id=\"result_box\" class=\"short_text\" lang=\"mk\"><span class=\"hps\">Pop-up<\/span>\u00a0<\/span><span class=\"hps\">\u043a\u043e\u043f\u0447\u0438\u045a\u0430<\/span>\u00a0<span class=\"hps\">\u0437\u0430<\/span>\u00a0<span class=\"hps\">\u0443\u043f\u0440\u0430\u0432\u0443\u0432\u0430\u045a\u0435<\/span><\/em><br \/>\n<\/span><\/span><\/li>\n<\/ul>\n<ul>\n<li><span id=\"ctl06_LblDescriptionMK\"><span id=\"result_box\" class=\"\" lang=\"mk\"><span class=\"hps\">\u0412\u043d\u0430\u0442\u0440\u0435\u0448\u043d\u043e\u0441\u0442<\/span>\u00a0<span class=\"hps\">\u043d\u0430<\/span>\u00a0<span class=\"hps\">\u0440\u0435\u0440\u043d\u0430\u0442\u0430<\/span>:\u00a0<span class=\"hps\">Granit<\/span>\u00a0<span class=\"hps\">\u0435\u043c\u0430\u0458\u043b<\/span><br \/>\n<\/span><\/span><\/li>\n<\/ul>\n<ul>\n<li><span id=\"ctl06_LblDescriptionMK\"><span id=\"result_box\" class=\"\" lang=\"mk\"><span class=\"hps\">\u0420\u0430\u0447\u043a\u0430 \u0441\u043e<\/span>\u00a0<span class=\"hps\">\u043f\u0440\u043e\u0444\u0435\u0441\u0438\u043e\u043d\u0430\u043b\u0435\u043d \u0438\u0437\u0433\u043b\u0435\u0434<\/span><br \/>\n<\/span><\/span><\/li>\n<\/ul>\n<p><span id=\"ctl06_LblDescriptionMK\"><span id=\"result_box\" class=\"\" lang=\"mk\"><strong><span class=\"hps\">\u0411\u0435\u0437\u0431\u0435\u0434\u043d\u043e\u0441\u0442<\/span><\/strong>:<\/span><\/span><\/p>\n<ul>\n<li><span id=\"ctl06_LblDescriptionMK\"><span id=\"result_box\" class=\"\" lang=\"mk\">\u0422<span class=\"hps\">\u0435\u043c\u043f\u0435\u0440\u0430\u0442\u0443\u0440\u0430<\/span>\u00a0<span class=\"hps\">\u043d\u0430<\/span>\u00a0<span class=\"hps\">\u0441\u0442\u0430\u043a\u043b\u043e\u0442\u043e<\/span>\u00a0<span class=\"hps\">\u043e\u0434 \u0440\u0435\u0440\u043d\u0430\u0442\u0430 \u043c\u0430\u043a\u0441.<\/span>\u00a05<span class=\"hps\">0 \u00b0 C<\/span><br \/>\n<\/span><\/span><\/li>\n<\/ul>\n<ul>\n<li><span id=\"ctl06_LblDescriptionMK\"><span id=\"result_box\" class=\"\" lang=\"mk\"><span class=\"hps\">\u0417\u0430\u0448\u0442\u0438\u0442\u0430<\/span>\u00a0<span class=\"hps\">\u043d\u0430<\/span>\u00a0<span class=\"hps\">\u0432\u043a\u043b\u0443\u0447\u0443\u0432\u0430\u045a\u0435<\/span>\u00a0\u043d\u0430 \u0440\u0435\u0440\u043d\u0430\u0442\u0430\u00a0<span class=\"hps\">\u043e\u0434 \u0434\u0435\u0446\u0430<\/span><\/span><\/span><\/li>\n<\/ul>\n<ul>\n<li>\u0426\u0435\u043b\u043e\u0441\u043d\u0430 \u0433\u0430\u0440\u0430\u043d\u0446\u0438\u0458\u0430 \u043d\u0430 \u043f\u0440\u043e\u0438\u0437\u0432\u043e\u0434\u043e\u0442 \u043e\u0434 24\u043c\u0435\u0441.<\/li>\n<\/ul>\n","protected":false},"featured_media":13288,"template":"","meta":{"_acf_changed":false},"product_brand":[],"product_cat":[335],"product_tag":[],"class_list":{"0":"post-13286","1":"product","2":"type-product","3":"status-publish","4":"has-post-thumbnail","6":"product_cat-vgr-","8":"first","9":"instock","10":"taxable","11":"shipping-taxable","12":"purchasable","13":"product-type-simple"},"acf":[],"_links":{"self":[{"href":"https:\/\/ibrokom.com\/index.php?rest_route=\/wp\/v2\/product\/13286","targetHints":{"allow":["GET"]}}],"collection":[{"href":"https:\/\/ibrokom.com\/index.php?rest_route=\/wp\/v2\/product"}],"about":[{"href":"https:\/\/ibrokom.com\/index.php?rest_route=\/wp\/v2\/types\/product"}],"version-history":[{"count":1,"href":"https:\/\/ibrokom.com\/index.php?rest_route=\/wp\/v2\/product\/13286\/revisions"}],"predecessor-version":[{"id":13289,"href":"https:\/\/ibrokom.com\/index.php?rest_route=\/wp\/v2\/product\/13286\/revisions\/13289"}],"wp:featuredmedia":[{"embeddable":true,"href":"https:\/\/ibrokom.com\/index.php?rest_route=\/wp\/v2\/media\/13288"}],"wp:attachment":[{"href":"https:\/\/ibrokom.com\/index.php?rest_route=%2Fwp%2Fv2%2Fmedia&parent=13286"}],"wp:term":[{"taxonomy":"product_brand","embeddable":true,"href":"https:\/\/ibrokom.com\/index.php?rest_route=%2Fwp%2Fv2%2Fproduct_brand&post=13286"},{"taxonomy":"product_cat","embeddable":true,"href":"https:\/\/ibrokom.com\/index.php?rest_route=%2Fwp%2Fv2%2Fproduct_cat&post=13286"},{"taxonomy":"product_tag","embeddable":true,"href":"https:\/\/ibrokom.com\/index.php?rest_route=%2Fwp%2Fv2%2Fproduct_tag&post=13286"}],"curies":[{"name":"wp","href":"https:\/\/api.w.org\/{rel}","templated":true}]}}